{"id":5333,"date":"2026-03-16T17:16:13","date_gmt":"2026-03-16T16:16:13","guid":{"rendered":"https:\/\/kincsesalmarium.hu\/?post_type=product&#038;p=5333"},"modified":"2026-03-16T17:16:13","modified_gmt":"2026-03-16T16:16:13","slug":"tavaszi-ajtodisz-koszoru","status":"publish","type":"product","link":"https:\/\/kincsesalmarium.hu\/en\/product\/tavaszi-ajtodisz-koszoru\/","title":{"rendered":"Tavaszi ajt\u00f3d\u00edsz, koszor\u00fa"},"content":{"rendered":"<p>Gy\u00f6ny\u00f6r\u0171 tavaszi ajt\u00f3d\u00edsz, vir\u00e1gkoszor\u00fa<\/p>\n<p>\u00c1tm\u00e9r\u0151je 35 cm<\/p>\n<p>Vessz\u0151koszor\u00fa alap, selyem- \u00e9s m\u0171vir\u00e1gok.<\/p>\n<p><strong>On Stock! You can buy it now!<\/strong><\/p>","protected":false},"excerpt":{"rendered":"<p>Gy\u00f6ny\u00f6r\u0171 tavaszi ajt\u00f3d\u00edsz, vir\u00e1gkoszor\u00fa<\/p>\n<p>\u00c1tm\u00e9r\u0151je 35 cm<\/p>\n<p>Vessz\u0151koszor\u00fa alap, selyem- \u00e9s m\u0171vir\u00e1gok.<\/p>\n<p><strong>On Stock! You can buy it now!<\/strong><\/p>","protected":false},"featured_media":5334,"comment_status":"closed","ping_status":"closed","template":"","meta":[],"_links":{"self":[{"href":"https:\/\/kincsesalmarium.hu\/en\/wp-json\/wp\/v2\/product\/5333"}],"collection":[{"href":"https:\/\/kincsesalmarium.hu\/en\/wp-json\/wp\/v2\/product"}],"about":[{"href":"https:\/\/kincsesalmarium.hu\/en\/wp-json\/wp\/v2\/types\/product"}],"replies":[{"embeddable":true,"href":"https:\/\/kincsesalmarium.hu\/en\/wp-json\/wp\/v2\/comments?post=5333"}],"wp:featuredmedia":[{"embeddable":true,"href":"https:\/\/kincsesalmarium.hu\/en\/wp-json\/wp\/v2\/media\/5334"}],"wp:attachment":[{"href":"https:\/\/kincsesalmarium.hu\/en\/wp-json\/wp\/v2\/media?parent=5333"}],"curies":[{"name":"wp","href":"https:\/\/api.w.org\/{rel}","templated":true}]}}