{"id":5328,"date":"2026-03-16T17:13:31","date_gmt":"2026-03-16T16:13:31","guid":{"rendered":"https:\/\/kincsesalmarium.hu\/?post_type=product&#038;p=5328"},"modified":"2026-03-16T17:13:31","modified_gmt":"2026-03-16T16:13:31","slug":"kerteszkedo-nyuszik-husveti-asztaldisz","status":"publish","type":"product","link":"https:\/\/kincsesalmarium.hu\/en\/product\/kerteszkedo-nyuszik-husveti-asztaldisz\/","title":{"rendered":"Kert\u00e9szked\u0151 nyuszik &#8211; h\u00fasv\u00e9ti asztald\u00edsz"},"content":{"rendered":"<p>H\u00fasv\u00e9ti asztald\u00edsz.<\/p>\n<p>Fonott kos\u00e1rban mini kert nyuszikkal.<\/p>\n<p>M\u00e9rete: 18 x 13 x 7 cm<\/p>\n<p><strong>K\u00e9szleten l\u00e9v\u0151 term\u00e9k azonnal megv\u00e1s\u00e1rolhat\u00f3.<\/strong><\/p>","protected":false},"excerpt":{"rendered":"<p>H\u00fasv\u00e9ti asztald\u00edsz.<\/p>\n<p>Fonott kos\u00e1rban mini kert nyuszikkal.<\/p>\n<p>M\u00e9rete: 18 x 13 x 7 cm<\/p>\n<p><strong>K\u00e9szleten l\u00e9v\u0151 term\u00e9k azonnal megv\u00e1s\u00e1rolhat\u00f3.<\/strong><\/p>","protected":false},"featured_media":5329,"comment_status":"closed","ping_status":"closed","template":"","meta":[],"_links":{"self":[{"href":"https:\/\/kincsesalmarium.hu\/en\/wp-json\/wp\/v2\/product\/5328"}],"collection":[{"href":"https:\/\/kincsesalmarium.hu\/en\/wp-json\/wp\/v2\/product"}],"about":[{"href":"https:\/\/kincsesalmarium.hu\/en\/wp-json\/wp\/v2\/types\/product"}],"replies":[{"embeddable":true,"href":"https:\/\/kincsesalmarium.hu\/en\/wp-json\/wp\/v2\/comments?post=5328"}],"wp:featuredmedia":[{"embeddable":true,"href":"https:\/\/kincsesalmarium.hu\/en\/wp-json\/wp\/v2\/media\/5329"}],"wp:attachment":[{"href":"https:\/\/kincsesalmarium.hu\/en\/wp-json\/wp\/v2\/media?parent=5328"}],"curies":[{"name":"wp","href":"https:\/\/api.w.org\/{rel}","templated":true}]}}