{"id":5324,"date":"2026-03-16T17:09:36","date_gmt":"2026-03-16T16:09:36","guid":{"rendered":"https:\/\/kincsesalmarium.hu\/?post_type=product&#038;p=5324"},"modified":"2026-03-16T17:09:36","modified_gmt":"2026-03-16T16:09:36","slug":"tyukanyo-tavaszi-kiskertben","status":"publish","type":"product","link":"https:\/\/kincsesalmarium.hu\/en\/product\/tyukanyo-tavaszi-kiskertben\/","title":{"rendered":"Ty\u00fakany\u00f3 tavaszi kiskertben"},"content":{"rendered":"<p>Felhaszn\u00e1lt anyagok: ker\u00e1mi b\u00f6gre, ker\u00e1mia ty\u00fak, m\u0171vir\u00e1gok, m\u0171moha, akrilfest\u00e9k, repeszt\u0151<\/p>\n<p>B\u00f6gre \u00e1tm\u00e9r\u0151je 10 cm<\/p>\n<p>Magass\u00e1ga 10 cm<\/p>\n<p>Magass\u00e1ga ty\u00fakany\u00f3val 13 cm<\/p>\n<p><strong>On Stock! You can buy it now!<\/strong><\/p>","protected":false},"excerpt":{"rendered":"<p>Felhaszn\u00e1lt anyagok: ker\u00e1mi b\u00f6gre, ker\u00e1mia ty\u00fak, m\u0171vir\u00e1gok, m\u0171moha, akrilfest\u00e9k, repeszt\u0151<\/p>\n<p>B\u00f6gre \u00e1tm\u00e9r\u0151je 10 cm<\/p>\n<p>Magass\u00e1ga 10 cm<\/p>\n<p>Magass\u00e1ga ty\u00fakany\u00f3val 13 cm<\/p>\n<p><strong>On Stock! You can buy it now!<\/strong><\/p>","protected":false},"featured_media":5327,"comment_status":"closed","ping_status":"closed","template":"","meta":[],"_links":{"self":[{"href":"https:\/\/kincsesalmarium.hu\/en\/wp-json\/wp\/v2\/product\/5324"}],"collection":[{"href":"https:\/\/kincsesalmarium.hu\/en\/wp-json\/wp\/v2\/product"}],"about":[{"href":"https:\/\/kincsesalmarium.hu\/en\/wp-json\/wp\/v2\/types\/product"}],"replies":[{"embeddable":true,"href":"https:\/\/kincsesalmarium.hu\/en\/wp-json\/wp\/v2\/comments?post=5324"}],"wp:featuredmedia":[{"embeddable":true,"href":"https:\/\/kincsesalmarium.hu\/en\/wp-json\/wp\/v2\/media\/5327"}],"wp:attachment":[{"href":"https:\/\/kincsesalmarium.hu\/en\/wp-json\/wp\/v2\/media?parent=5324"}],"curies":[{"name":"wp","href":"https:\/\/api.w.org\/{rel}","templated":true}]}}