{"id":5321,"date":"2026-03-16T17:04:53","date_gmt":"2026-03-16T16:04:53","guid":{"rendered":"https:\/\/kincsesalmarium.hu\/?post_type=product&#038;p=5321"},"modified":"2026-03-16T17:04:53","modified_gmt":"2026-03-16T16:04:53","slug":"husveti-kislibak-keramia-bogreben","status":"publish","type":"product","link":"https:\/\/kincsesalmarium.hu\/en\/product\/husveti-kislibak-keramia-bogreben\/","title":{"rendered":"H\u00fasv\u00e9ti kislib\u00e1k ker\u00e1mia b\u00f6gr\u00e9ben"},"content":{"rendered":"<p>Decoupage technik\u00e1val d\u00edsz\u00edtett ker\u00e1mia b\u00f6gr\u00e9ben ker\u00e1mia kislib\u00e1k m\u0171vir\u00e1gokkal.<\/p>\n<p>B\u00f6gre \u00e1tm\u00e9r\u0151je 10 cm, magass\u00e1ga 8 cm<\/p>\n<p><strong>On Stock! You can buy it now!<\/strong><\/p>","protected":false},"excerpt":{"rendered":"<p>Decoupage technik\u00e1val d\u00edsz\u00edtett ker\u00e1mia b\u00f6gr\u00e9ben ker\u00e1mia kislib\u00e1k m\u0171vir\u00e1gokkal.<\/p>\n<p>B\u00f6gre \u00e1tm\u00e9r\u0151je 10 cm, magass\u00e1ga 8 cm<\/p>\n<p><strong>On Stock! You can buy it now!<\/strong><\/p>","protected":false},"featured_media":5322,"comment_status":"closed","ping_status":"closed","template":"","meta":[],"_links":{"self":[{"href":"https:\/\/kincsesalmarium.hu\/en\/wp-json\/wp\/v2\/product\/5321"}],"collection":[{"href":"https:\/\/kincsesalmarium.hu\/en\/wp-json\/wp\/v2\/product"}],"about":[{"href":"https:\/\/kincsesalmarium.hu\/en\/wp-json\/wp\/v2\/types\/product"}],"replies":[{"embeddable":true,"href":"https:\/\/kincsesalmarium.hu\/en\/wp-json\/wp\/v2\/comments?post=5321"}],"wp:featuredmedia":[{"embeddable":true,"href":"https:\/\/kincsesalmarium.hu\/en\/wp-json\/wp\/v2\/media\/5322"}],"wp:attachment":[{"href":"https:\/\/kincsesalmarium.hu\/en\/wp-json\/wp\/v2\/media?parent=5321"}],"curies":[{"name":"wp","href":"https:\/\/api.w.org\/{rel}","templated":true}]}}