{"id":5318,"date":"2026-03-16T16:52:47","date_gmt":"2026-03-16T15:52:47","guid":{"rendered":"https:\/\/kincsesalmarium.hu\/?post_type=product&#038;p=5318"},"modified":"2026-03-16T16:52:47","modified_gmt":"2026-03-16T15:52:47","slug":"tavasztunder-keramia-locsolokannaban","status":"publish","type":"product","link":"https:\/\/kincsesalmarium.hu\/en\/product\/tavasztunder-keramia-locsolokannaban\/","title":{"rendered":"Tavaszt\u00fcnd\u00e9r ker\u00e1mia locsol\u00f3kann\u00e1ban"},"content":{"rendered":"<p>Ker\u00e1mia locsol\u00f3kann\u00e1ban mini tavaszt\u00fcnd\u00e9r.<\/p>\n<p>Kanna \u00e1tm\u00e9r\u0151je 15 cm<\/p>\n<p>Magass\u00e1ga 7 cm<\/p>\n<p>Magass\u00e1ga t\u00fcnd\u00e9rrel 15 cm<\/p>\n<p><strong>On Stock! You can buy it now!<\/strong><\/p>","protected":false},"excerpt":{"rendered":"<p>Ker\u00e1mia locsol\u00f3kann\u00e1ban mini tavaszt\u00fcnd\u00e9r.<\/p>\n<p>Kanna \u00e1tm\u00e9r\u0151je 15 cm<\/p>\n<p>Magass\u00e1ga 7 cm<\/p>\n<p>Magass\u00e1ga t\u00fcnd\u00e9rrel 15 cm<\/p>\n<p><strong>On Stock! You can buy it now!<\/strong><\/p>","protected":false},"featured_media":5319,"comment_status":"closed","ping_status":"closed","template":"","meta":[],"_links":{"self":[{"href":"https:\/\/kincsesalmarium.hu\/en\/wp-json\/wp\/v2\/product\/5318"}],"collection":[{"href":"https:\/\/kincsesalmarium.hu\/en\/wp-json\/wp\/v2\/product"}],"about":[{"href":"https:\/\/kincsesalmarium.hu\/en\/wp-json\/wp\/v2\/types\/product"}],"replies":[{"embeddable":true,"href":"https:\/\/kincsesalmarium.hu\/en\/wp-json\/wp\/v2\/comments?post=5318"}],"wp:featuredmedia":[{"embeddable":true,"href":"https:\/\/kincsesalmarium.hu\/en\/wp-json\/wp\/v2\/media\/5319"}],"wp:attachment":[{"href":"https:\/\/kincsesalmarium.hu\/en\/wp-json\/wp\/v2\/media?parent=5318"}],"curies":[{"name":"wp","href":"https:\/\/api.w.org\/{rel}","templated":true}]}}