{"id":5315,"date":"2026-03-16T16:46:15","date_gmt":"2026-03-16T15:46:15","guid":{"rendered":"https:\/\/kincsesalmarium.hu\/?post_type=product&#038;p=5315"},"modified":"2026-03-16T16:46:15","modified_gmt":"2026-03-16T15:46:15","slug":"tojas-alaku-fa-diszek","status":"publish","type":"product","link":"https:\/\/kincsesalmarium.hu\/en\/product\/tojas-alaku-fa-diszek\/","title":{"rendered":"Toj\u00e1s alak\u00fa fa d\u00edszek"},"content":{"rendered":"<p>L\u00e9zerv\u00e1gott fa d\u00edszek, apr\u00f3 vir\u00e1gokkal, vintage k\u00e9pekkel.<\/p>\n<p>Magass\u00e1ga 9 cm<\/p>\n<p><strong>On Stock! You can buy it now!<\/strong><\/p>","protected":false},"excerpt":{"rendered":"<p>L\u00e9zerv\u00e1gott fa d\u00edszek, apr\u00f3 vir\u00e1gokkal, vintage k\u00e9pekkel.<\/p>\n<p>Magass\u00e1ga 9 cm<\/p>\n<p><strong>On Stock! You can buy it now!<\/strong><\/p>","protected":false},"featured_media":5305,"comment_status":"closed","ping_status":"closed","template":"","meta":[],"_links":{"self":[{"href":"https:\/\/kincsesalmarium.hu\/en\/wp-json\/wp\/v2\/product\/5315"}],"collection":[{"href":"https:\/\/kincsesalmarium.hu\/en\/wp-json\/wp\/v2\/product"}],"about":[{"href":"https:\/\/kincsesalmarium.hu\/en\/wp-json\/wp\/v2\/types\/product"}],"replies":[{"embeddable":true,"href":"https:\/\/kincsesalmarium.hu\/en\/wp-json\/wp\/v2\/comments?post=5315"}],"wp:featuredmedia":[{"embeddable":true,"href":"https:\/\/kincsesalmarium.hu\/en\/wp-json\/wp\/v2\/media\/5305"}],"wp:attachment":[{"href":"https:\/\/kincsesalmarium.hu\/en\/wp-json\/wp\/v2\/media?parent=5315"}],"curies":[{"name":"wp","href":"https:\/\/api.w.org\/{rel}","templated":true}]}}