{"id":5310,"date":"2026-03-16T16:43:59","date_gmt":"2026-03-16T15:43:59","guid":{"rendered":"https:\/\/kincsesalmarium.hu\/?post_type=product&#038;p=5310"},"modified":"2026-03-16T16:43:59","modified_gmt":"2026-03-16T15:43:59","slug":"dekorativ-tojas-alaku-fa-diszek","status":"publish","type":"product","link":"https:\/\/kincsesalmarium.hu\/en\/product\/dekorativ-tojas-alaku-fa-diszek\/","title":{"rendered":"Dekorat\u00edv toj\u00e1s alak\u00fa fa d\u00edszek"},"content":{"rendered":"<p>Decoupage technik\u00e1val d\u00edsz\u00edtett toj\u00e1s alak\u00fa d\u00edszek, szalaggal, gy\u00f6ngy\u00f6kkel, 3D kieg\u00e9sz\u00edt\u0151vel.<\/p>\n<p>M\u00e9retei: 11 x 8 cm<\/p>\n<p><strong>On Stock! You can buy it now!<\/strong><\/p>","protected":false},"excerpt":{"rendered":"<p>Decoupage technik\u00e1val d\u00edsz\u00edtett toj\u00e1s alak\u00fa d\u00edszek, szalaggal, gy\u00f6ngy\u00f6kkel, 3D kieg\u00e9sz\u00edt\u0151vel.<\/p>\n<p>M\u00e9retei: 11 x 8 cm<\/p>\n<p><strong>On Stock! You can buy it now!<\/strong><\/p>","protected":false},"featured_media":5313,"comment_status":"closed","ping_status":"closed","template":"","meta":[],"_links":{"self":[{"href":"https:\/\/kincsesalmarium.hu\/en\/wp-json\/wp\/v2\/product\/5310"}],"collection":[{"href":"https:\/\/kincsesalmarium.hu\/en\/wp-json\/wp\/v2\/product"}],"about":[{"href":"https:\/\/kincsesalmarium.hu\/en\/wp-json\/wp\/v2\/types\/product"}],"replies":[{"embeddable":true,"href":"https:\/\/kincsesalmarium.hu\/en\/wp-json\/wp\/v2\/comments?post=5310"}],"wp:featuredmedia":[{"embeddable":true,"href":"https:\/\/kincsesalmarium.hu\/en\/wp-json\/wp\/v2\/media\/5313"}],"wp:attachment":[{"href":"https:\/\/kincsesalmarium.hu\/en\/wp-json\/wp\/v2\/media?parent=5310"}],"curies":[{"name":"wp","href":"https:\/\/api.w.org\/{rel}","templated":true}]}}