{"id":5303,"date":"2026-03-16T16:39:31","date_gmt":"2026-03-16T15:39:31","guid":{"rendered":"https:\/\/kincsesalmarium.hu\/?post_type=product&#038;p=5303"},"modified":"2026-03-16T16:39:31","modified_gmt":"2026-03-16T15:39:31","slug":"tojas-alaku-fa-alapra-keszult-diszek","status":"publish","type":"product","link":"https:\/\/kincsesalmarium.hu\/en\/product\/tojas-alaku-fa-alapra-keszult-diszek\/","title":{"rendered":"Toj\u00e1s alak\u00fa fa alapra k\u00e9sz\u00fclt d\u00edszek"},"content":{"rendered":"<p>Decoupage technik\u00e1val d\u00edsz\u00edtett, fa alapra k\u00e9sz\u00fclt toj\u00e1s alak\u00fa d\u00edszek antikol\u00e1ssal.<\/p>\n<p>M\u00e9retei: 10 x 8 cm<\/p>\n<p><strong>On Stock! You can buy it now!<\/strong><\/p>","protected":false},"excerpt":{"rendered":"<p>Decoupage technik\u00e1val d\u00edsz\u00edtett, fa alapra k\u00e9sz\u00fclt toj\u00e1s alak\u00fa d\u00edszek antikol\u00e1ssal.<\/p>\n<p>M\u00e9retei: 10 x 8 cm<\/p>\n<p><strong>On Stock! You can buy it now!<\/strong><\/p>","protected":false},"featured_media":5307,"comment_status":"closed","ping_status":"closed","template":"","meta":[],"_links":{"self":[{"href":"https:\/\/kincsesalmarium.hu\/en\/wp-json\/wp\/v2\/product\/5303"}],"collection":[{"href":"https:\/\/kincsesalmarium.hu\/en\/wp-json\/wp\/v2\/product"}],"about":[{"href":"https:\/\/kincsesalmarium.hu\/en\/wp-json\/wp\/v2\/types\/product"}],"replies":[{"embeddable":true,"href":"https:\/\/kincsesalmarium.hu\/en\/wp-json\/wp\/v2\/comments?post=5303"}],"wp:featuredmedia":[{"embeddable":true,"href":"https:\/\/kincsesalmarium.hu\/en\/wp-json\/wp\/v2\/media\/5307"}],"wp:attachment":[{"href":"https:\/\/kincsesalmarium.hu\/en\/wp-json\/wp\/v2\/media?parent=5303"}],"curies":[{"name":"wp","href":"https:\/\/api.w.org\/{rel}","templated":true}]}}