{"id":5295,"date":"2026-03-16T16:30:43","date_gmt":"2026-03-16T15:30:43","guid":{"rendered":"https:\/\/kincsesalmarium.hu\/?post_type=product&#038;p=5295"},"modified":"2026-03-16T16:30:44","modified_gmt":"2026-03-16T15:30:44","slug":"egyedi-kor-alaku-vintage-tojastarto","status":"publish","type":"product","link":"https:\/\/kincsesalmarium.hu\/en\/product\/egyedi-kor-alaku-vintage-tojastarto\/","title":{"rendered":"Egyedi, k\u00f6r alak\u00fa vintage toj\u00e1start\u00f3"},"content":{"rendered":"<p>K\u00fcl\u00f6nleges toj\u00e1start\u00f3, vintage st\u00edlusban, decoupage technik\u00e1val d\u00edsz\u00edtve.<\/p>\n<p>\u00c1tm\u00e9r\u0151je 25 cm, magass\u00e1ga 14 cm.<\/p>\n<p>Alapanyaga karton \u00e9s fa kombin\u00e1ci\u00f3ja.<\/p>\n<p><strong>On Stock! You can buy it now!<\/strong><\/p>","protected":false},"excerpt":{"rendered":"<p>K\u00fcl\u00f6nleges toj\u00e1start\u00f3, vintage st\u00edlusban, decoupage technik\u00e1val d\u00edsz\u00edtve.<\/p>\n<p>\u00c1tm\u00e9r\u0151je 25 cm, magass\u00e1ga 14 cm.<\/p>\n<p>Alapanyaga karton \u00e9s fa kombin\u00e1ci\u00f3ja.<\/p>\n<p><strong>On Stock! You can buy it now!<\/strong><\/p>","protected":false},"featured_media":5296,"comment_status":"closed","ping_status":"closed","template":"","meta":[],"_links":{"self":[{"href":"https:\/\/kincsesalmarium.hu\/en\/wp-json\/wp\/v2\/product\/5295"}],"collection":[{"href":"https:\/\/kincsesalmarium.hu\/en\/wp-json\/wp\/v2\/product"}],"about":[{"href":"https:\/\/kincsesalmarium.hu\/en\/wp-json\/wp\/v2\/types\/product"}],"replies":[{"embeddable":true,"href":"https:\/\/kincsesalmarium.hu\/en\/wp-json\/wp\/v2\/comments?post=5295"}],"wp:featuredmedia":[{"embeddable":true,"href":"https:\/\/kincsesalmarium.hu\/en\/wp-json\/wp\/v2\/media\/5296"}],"wp:attachment":[{"href":"https:\/\/kincsesalmarium.hu\/en\/wp-json\/wp\/v2\/media?parent=5295"}],"curies":[{"name":"wp","href":"https:\/\/api.w.org\/{rel}","templated":true}]}}