{"id":5291,"date":"2026-03-16T16:26:59","date_gmt":"2026-03-16T15:26:59","guid":{"rendered":"https:\/\/kincsesalmarium.hu\/?post_type=product&#038;p=5291"},"modified":"2026-03-16T16:26:59","modified_gmt":"2026-03-16T15:26:59","slug":"felakaszthato-tojasok-antikolassal","status":"publish","type":"product","link":"https:\/\/kincsesalmarium.hu\/en\/product\/felakaszthato-tojasok-antikolassal\/","title":{"rendered":"Felakaszthat\u00f3 toj\u00e1sok antikol\u00e1ssal"},"content":{"rendered":"<p>Hungarocell felakaszthat\u00f3 toj\u00e1sok repeszt\u00e9ssel antikolva.<\/p>\n<p>M\u00e9rete 9 cm<\/p>\n<p><strong>On Stock! You can buy it now!<\/strong><\/p>","protected":false},"excerpt":{"rendered":"<p>Hungarocell felakaszthat\u00f3 toj\u00e1sok repeszt\u00e9ssel antikolva.<\/p>\n<p>M\u00e9rete 9 cm<\/p>\n<p><strong>On Stock! You can buy it now!<\/strong><\/p>","protected":false},"featured_media":5292,"comment_status":"closed","ping_status":"closed","template":"","meta":[],"_links":{"self":[{"href":"https:\/\/kincsesalmarium.hu\/en\/wp-json\/wp\/v2\/product\/5291"}],"collection":[{"href":"https:\/\/kincsesalmarium.hu\/en\/wp-json\/wp\/v2\/product"}],"about":[{"href":"https:\/\/kincsesalmarium.hu\/en\/wp-json\/wp\/v2\/types\/product"}],"replies":[{"embeddable":true,"href":"https:\/\/kincsesalmarium.hu\/en\/wp-json\/wp\/v2\/comments?post=5291"}],"wp:featuredmedia":[{"embeddable":true,"href":"https:\/\/kincsesalmarium.hu\/en\/wp-json\/wp\/v2\/media\/5292"}],"wp:attachment":[{"href":"https:\/\/kincsesalmarium.hu\/en\/wp-json\/wp\/v2\/media?parent=5291"}],"curies":[{"name":"wp","href":"https:\/\/api.w.org\/{rel}","templated":true}]}}