{"id":5288,"date":"2026-03-16T16:23:32","date_gmt":"2026-03-16T15:23:32","guid":{"rendered":"https:\/\/kincsesalmarium.hu\/?post_type=product&#038;p=5288"},"modified":"2026-03-16T16:23:32","modified_gmt":"2026-03-16T15:23:32","slug":"felakaszthato-rusztikus-husveti-tojas","status":"publish","type":"product","link":"https:\/\/kincsesalmarium.hu\/en\/product\/felakaszthato-rusztikus-husveti-tojas\/","title":{"rendered":"Felakaszthat\u00f3 rusztikus h\u00fasv\u00e9ti toj\u00e1s"},"content":{"rendered":"<p>Hungarocell toj\u00e1s rusztikus d\u00edsz\u00edt\u00e9ssel, p\u00e1fr\u00e1ny\u00e1gakkal.<\/p>\n<p>Magass\u00e1ga 8 cm<\/p>\n<p><strong>On Stock! You can buy it now!<\/strong><\/p>","protected":false},"excerpt":{"rendered":"<p>Hungarocell toj\u00e1s rusztikus d\u00edsz\u00edt\u00e9ssel, p\u00e1fr\u00e1ny\u00e1gakkal.<\/p>\n<p>Magass\u00e1ga 8 cm<\/p>\n<p><strong>On Stock! You can buy it now!<\/strong><\/p>","protected":false},"featured_media":5289,"comment_status":"closed","ping_status":"closed","template":"","meta":[],"_links":{"self":[{"href":"https:\/\/kincsesalmarium.hu\/en\/wp-json\/wp\/v2\/product\/5288"}],"collection":[{"href":"https:\/\/kincsesalmarium.hu\/en\/wp-json\/wp\/v2\/product"}],"about":[{"href":"https:\/\/kincsesalmarium.hu\/en\/wp-json\/wp\/v2\/types\/product"}],"replies":[{"embeddable":true,"href":"https:\/\/kincsesalmarium.hu\/en\/wp-json\/wp\/v2\/comments?post=5288"}],"wp:featuredmedia":[{"embeddable":true,"href":"https:\/\/kincsesalmarium.hu\/en\/wp-json\/wp\/v2\/media\/5289"}],"wp:attachment":[{"href":"https:\/\/kincsesalmarium.hu\/en\/wp-json\/wp\/v2\/media?parent=5288"}],"curies":[{"name":"wp","href":"https:\/\/api.w.org\/{rel}","templated":true}]}}