{"id":5280,"date":"2026-03-16T16:15:24","date_gmt":"2026-03-16T15:15:24","guid":{"rendered":"https:\/\/kincsesalmarium.hu\/?post_type=product&#038;p=5280"},"modified":"2026-03-16T16:18:47","modified_gmt":"2026-03-16T15:18:47","slug":"ludtojas-rozsa-diszitessel","status":"publish","type":"product","link":"https:\/\/kincsesalmarium.hu\/en\/product\/ludtojas-rozsa-diszitessel\/","title":{"rendered":"Felakaszthat\u00f3 l\u00fadtoj\u00e1s r\u00f3zsa d\u00edsz\u00edt\u00e9ssel"},"content":{"rendered":"<p>Val\u00f3di l\u00fadtoj\u00e1sok, kif\u00faj\u00e1s ut\u00e1n decoupage technik\u00e1val d\u00edsz\u00edtve, antikolva.<\/p>\n<p>K\u00edv\u00e1ns\u00e1g szerint felakaszthat\u00f3ak.<\/p>\n<p>Magass\u00e1guk \u00e1ltal\u00e1ban 8-9 cm<\/p>\n<p><strong>On Stock! You can buy it now!<\/strong><\/p>","protected":false},"excerpt":{"rendered":"<p>Val\u00f3di l\u00fadtoj\u00e1sok, kif\u00faj\u00e1s ut\u00e1n decoupage technik\u00e1val d\u00edsz\u00edtve, antikolva.<\/p>\n<p>K\u00edv\u00e1ns\u00e1g szerint felakaszthat\u00f3ak.<\/p>\n<p>Magass\u00e1guk \u00e1ltal\u00e1ban 8-9 cm<\/p>\n<p><strong>On Stock! You can buy it now!<\/strong><\/p>","protected":false},"featured_media":5283,"comment_status":"closed","ping_status":"closed","template":"","meta":[],"_links":{"self":[{"href":"https:\/\/kincsesalmarium.hu\/en\/wp-json\/wp\/v2\/product\/5280"}],"collection":[{"href":"https:\/\/kincsesalmarium.hu\/en\/wp-json\/wp\/v2\/product"}],"about":[{"href":"https:\/\/kincsesalmarium.hu\/en\/wp-json\/wp\/v2\/types\/product"}],"replies":[{"embeddable":true,"href":"https:\/\/kincsesalmarium.hu\/en\/wp-json\/wp\/v2\/comments?post=5280"}],"wp:featuredmedia":[{"embeddable":true,"href":"https:\/\/kincsesalmarium.hu\/en\/wp-json\/wp\/v2\/media\/5283"}],"wp:attachment":[{"href":"https:\/\/kincsesalmarium.hu\/en\/wp-json\/wp\/v2\/media?parent=5280"}],"curies":[{"name":"wp","href":"https:\/\/api.w.org\/{rel}","templated":true}]}}