{"id":5260,"date":"2025-12-04T20:15:43","date_gmt":"2025-12-04T19:15:43","guid":{"rendered":"https:\/\/kincsesalmarium.hu\/?post_type=product&#038;p=5260"},"modified":"2025-12-15T10:05:31","modified_gmt":"2025-12-15T09:05:31","slug":"adventi-karacsonyi-asztaldisz-decoupage-technikaval-diszitett-gyertyakkal","status":"publish","type":"product","link":"https:\/\/kincsesalmarium.hu\/en\/product\/adventi-karacsonyi-asztaldisz-decoupage-technikaval-diszitett-gyertyakkal\/","title":{"rendered":"Adventi \/ kar\u00e1csonyi asztald\u00edsz decoupage technik\u00e1val d\u00edsz\u00edtett gyerty\u00e1kkal"},"content":{"rendered":"<p>Egyedi adventi \/ kar\u00e1csonyi asztald\u00edsz, a gyerty\u00e1k decoupage technik\u00e1val d\u00edsz\u00edtettek.<\/p>\n<p>\u00c1tm\u00e9r\u0151je 30 cm<\/p>\n<p>Rakt\u00e1ron l\u00e9v\u0151 term\u00e9k, azonnal megv\u00e1s\u00e1rolhat\u00f3.<\/p>","protected":false},"excerpt":{"rendered":"<p>Egyedi adventi \/ kar\u00e1csonyi asztald\u00edsz, a gyerty\u00e1k decoupage technik\u00e1val d\u00edsz\u00edtettek.<\/p>\n<p>Felhaszn\u00e1l anyagok:\u00a0 MDF alap, gyerty\u00e1k, szalv\u00e9ta, akrilfest\u00e9k, kr\u00e9tafest\u00e9k, term\u00e9sek.<\/p>\n<p>\u00c1tm\u00e9r\u0151je 30 cm<\/p>\n<p>Rakt\u00e1ron l\u00e9v\u0151 term\u00e9k, azonnal megv\u00e1s\u00e1rolhat\u00f3.<\/p>","protected":false},"featured_media":5262,"comment_status":"closed","ping_status":"closed","template":"","meta":[],"_links":{"self":[{"href":"https:\/\/kincsesalmarium.hu\/en\/wp-json\/wp\/v2\/product\/5260"}],"collection":[{"href":"https:\/\/kincsesalmarium.hu\/en\/wp-json\/wp\/v2\/product"}],"about":[{"href":"https:\/\/kincsesalmarium.hu\/en\/wp-json\/wp\/v2\/types\/product"}],"replies":[{"embeddable":true,"href":"https:\/\/kincsesalmarium.hu\/en\/wp-json\/wp\/v2\/comments?post=5260"}],"wp:featuredmedia":[{"embeddable":true,"href":"https:\/\/kincsesalmarium.hu\/en\/wp-json\/wp\/v2\/media\/5262"}],"wp:attachment":[{"href":"https:\/\/kincsesalmarium.hu\/en\/wp-json\/wp\/v2\/media?parent=5260"}],"curies":[{"name":"wp","href":"https:\/\/api.w.org\/{rel}","templated":true}]}}