{"id":5226,"date":"2024-03-10T20:12:30","date_gmt":"2024-03-10T19:12:30","guid":{"rendered":"https:\/\/kincsesalmarium.hu\/?post_type=product&#038;p=5226"},"modified":"2025-12-04T17:27:25","modified_gmt":"2025-12-04T16:27:25","slug":"romantikus-tarolo-szekrenyke","status":"publish","type":"product","link":"https:\/\/kincsesalmarium.hu\/en\/product\/romantikus-tarolo-szekrenyke\/","title":{"rendered":"Romantikus t\u00e1rol\u00f3 szekr\u00e9nyke"},"content":{"rendered":"<p>Decoupage technik\u00e1val d\u00edsz\u00edtett romantikus t\u00e1rol\u00f3 szekr\u00e9nyke.<\/p>\n<p>M\u00e9retei: 20 x 15 x 13 cm<\/p>\n<p><strong>On Stock! You can buy it now!<\/strong><\/p>","protected":false},"excerpt":{"rendered":"<p>Decoupage technik\u00e1val d\u00edsz\u00edtett romantikus t\u00e1rol\u00f3 szekr\u00e9nyke.<\/p>\n<p>M\u00e9retei: 20 x 15 x 13 cm<\/p>\n<p><strong>On Stock! You can buy it now!<\/strong><\/p>","protected":false},"featured_media":5227,"comment_status":"closed","ping_status":"closed","template":"","meta":[],"_links":{"self":[{"href":"https:\/\/kincsesalmarium.hu\/en\/wp-json\/wp\/v2\/product\/5226"}],"collection":[{"href":"https:\/\/kincsesalmarium.hu\/en\/wp-json\/wp\/v2\/product"}],"about":[{"href":"https:\/\/kincsesalmarium.hu\/en\/wp-json\/wp\/v2\/types\/product"}],"replies":[{"embeddable":true,"href":"https:\/\/kincsesalmarium.hu\/en\/wp-json\/wp\/v2\/comments?post=5226"}],"wp:featuredmedia":[{"embeddable":true,"href":"https:\/\/kincsesalmarium.hu\/en\/wp-json\/wp\/v2\/media\/5227"}],"wp:attachment":[{"href":"https:\/\/kincsesalmarium.hu\/en\/wp-json\/wp\/v2\/media?parent=5226"}],"curies":[{"name":"wp","href":"https:\/\/api.w.org\/{rel}","templated":true}]}}