{"id":5211,"date":"2024-03-10T18:03:14","date_gmt":"2024-03-10T17:03:14","guid":{"rendered":"https:\/\/kincsesalmarium.hu\/?post_type=product&#038;p=5211"},"modified":"2025-12-04T17:28:28","modified_gmt":"2025-12-04T16:28:28","slug":"gazdagon-diszitett-nagymeretu-kordoboz","status":"publish","type":"product","link":"https:\/\/kincsesalmarium.hu\/en\/product\/gazdagon-diszitett-nagymeretu-kordoboz\/","title":{"rendered":"Gazdagon d\u00edsz\u00edtett nagym\u00e9ret\u0171 k\u00f6rdoboz"},"content":{"rendered":"<p>3D technik\u00e1val gazdagon d\u00edsz\u00edtett nagym\u00e9ret\u0171 k\u00f6rdoboz.<\/p>\n<p>Magass\u00e1ga\u00a0 14,5 cm, \u00e1tm\u00e9r\u0151je 26 cm.<\/p>\n<p><strong>On Stock! You can buy it now!<\/strong><\/p>","protected":false},"excerpt":{"rendered":"<p>3D technik\u00e1val gazdagon d\u00edsz\u00edtett nagym\u00e9ret\u0171 k\u00f6rdoboz.<\/p>\n<p>Magass\u00e1ga\u00a0 14,5 cm, \u00e1tm\u00e9r\u0151je 26 cm.<\/p>\n<p><strong>On Stock! You can buy it now!<\/strong><\/p>","protected":false},"featured_media":5213,"comment_status":"closed","ping_status":"closed","template":"","meta":[],"_links":{"self":[{"href":"https:\/\/kincsesalmarium.hu\/en\/wp-json\/wp\/v2\/product\/5211"}],"collection":[{"href":"https:\/\/kincsesalmarium.hu\/en\/wp-json\/wp\/v2\/product"}],"about":[{"href":"https:\/\/kincsesalmarium.hu\/en\/wp-json\/wp\/v2\/types\/product"}],"replies":[{"embeddable":true,"href":"https:\/\/kincsesalmarium.hu\/en\/wp-json\/wp\/v2\/comments?post=5211"}],"wp:featuredmedia":[{"embeddable":true,"href":"https:\/\/kincsesalmarium.hu\/en\/wp-json\/wp\/v2\/media\/5213"}],"wp:attachment":[{"href":"https:\/\/kincsesalmarium.hu\/en\/wp-json\/wp\/v2\/media?parent=5211"}],"curies":[{"name":"wp","href":"https:\/\/api.w.org\/{rel}","templated":true}]}}