{"id":5208,"date":"2024-03-10T17:47:57","date_gmt":"2024-03-10T16:47:57","guid":{"rendered":"https:\/\/kincsesalmarium.hu\/?post_type=product&#038;p=5208"},"modified":"2025-12-15T10:21:47","modified_gmt":"2025-12-15T09:21:47","slug":"sisi-portrejaval-diszitett-kalapdoboz","status":"publish","type":"product","link":"https:\/\/kincsesalmarium.hu\/en\/product\/sisi-portrejaval-diszitett-kalapdoboz\/","title":{"rendered":"Sisi portr\u00e9j\u00e1val d\u00edsz\u00edtett kalapdoboz"},"content":{"rendered":"<p>Scrapbook technik\u00e1val d\u00edsz\u00edtett gy\u00f6ny\u00f6r\u0171 kalapdoboz.<\/p>\n<p>Magass\u00e1ga 14 cm, \u00e1tm\u00e9r\u0151je 26 cm.<\/p>\n<p><strong>On Stock! You can buy it now!<\/strong><\/p>","protected":false},"excerpt":{"rendered":"<p>Scrapbook technik\u00e1val d\u00edsz\u00edtett gy\u00f6ny\u00f6r\u0171 kalapdoboz.<\/p>\n<p>Magass\u00e1ga 14 cm, \u00e1tm\u00e9r\u0151je 26 cm.<\/p>\n<p><strong>On Stock! You can buy it now!<\/strong><\/p>","protected":false},"featured_media":5209,"comment_status":"closed","ping_status":"closed","template":"","meta":[],"_links":{"self":[{"href":"https:\/\/kincsesalmarium.hu\/en\/wp-json\/wp\/v2\/product\/5208"}],"collection":[{"href":"https:\/\/kincsesalmarium.hu\/en\/wp-json\/wp\/v2\/product"}],"about":[{"href":"https:\/\/kincsesalmarium.hu\/en\/wp-json\/wp\/v2\/types\/product"}],"replies":[{"embeddable":true,"href":"https:\/\/kincsesalmarium.hu\/en\/wp-json\/wp\/v2\/comments?post=5208"}],"wp:featuredmedia":[{"embeddable":true,"href":"https:\/\/kincsesalmarium.hu\/en\/wp-json\/wp\/v2\/media\/5209"}],"wp:attachment":[{"href":"https:\/\/kincsesalmarium.hu\/en\/wp-json\/wp\/v2\/media?parent=5208"}],"curies":[{"name":"wp","href":"https:\/\/api.w.org\/{rel}","templated":true}]}}