{"id":5196,"date":"2024-03-10T17:10:40","date_gmt":"2024-03-10T16:10:40","guid":{"rendered":"https:\/\/kincsesalmarium.hu\/?post_type=product&#038;p=5196"},"modified":"2024-03-10T17:31:39","modified_gmt":"2024-03-10T16:31:39","slug":"diszparna-huzat-rokoko-mintaval","status":"publish","type":"product","link":"https:\/\/kincsesalmarium.hu\/en\/product\/diszparna-huzat-rokoko-mintaval\/","title":{"rendered":"Rokok\u00f3 st\u00edlus\u00fa d\u00edszp\u00e1rna huzat"},"content":{"rendered":"<p>Decoupage technik\u00e1val d\u00edsz\u00edtett p\u00e1rnahuzat, k\u00e9zzel moshat\u00f3.<\/p>\n<p>M\u00e9retei: 44 x 27 cm<\/p>\n<p><strong>On Stock! You can buy it now!<\/strong><\/p>","protected":false},"excerpt":{"rendered":"<p>Decoupage technik\u00e1val d\u00edsz\u00edtett p\u00e1rnahuzat, k\u00e9zzel moshat\u00f3.<\/p>\n<p>M\u00e9retei: 44 x 27 cm<\/p>\n<p><strong>On Stock! You can buy it now!<\/strong><\/p>","protected":false},"featured_media":5197,"comment_status":"closed","ping_status":"closed","template":"","meta":[],"_links":{"self":[{"href":"https:\/\/kincsesalmarium.hu\/en\/wp-json\/wp\/v2\/product\/5196"}],"collection":[{"href":"https:\/\/kincsesalmarium.hu\/en\/wp-json\/wp\/v2\/product"}],"about":[{"href":"https:\/\/kincsesalmarium.hu\/en\/wp-json\/wp\/v2\/types\/product"}],"replies":[{"embeddable":true,"href":"https:\/\/kincsesalmarium.hu\/en\/wp-json\/wp\/v2\/comments?post=5196"}],"wp:featuredmedia":[{"embeddable":true,"href":"https:\/\/kincsesalmarium.hu\/en\/wp-json\/wp\/v2\/media\/5197"}],"wp:attachment":[{"href":"https:\/\/kincsesalmarium.hu\/en\/wp-json\/wp\/v2\/media?parent=5196"}],"curies":[{"name":"wp","href":"https:\/\/api.w.org\/{rel}","templated":true}]}}