{"id":5159,"date":"2023-11-23T10:13:29","date_gmt":"2023-11-23T09:13:29","guid":{"rendered":"https:\/\/kincsesalmarium.hu\/?post_type=product&#038;p=5159"},"modified":"2025-12-08T12:38:33","modified_gmt":"2025-12-08T11:38:33","slug":"nagymeretu-medalion-bordo-szinben","status":"publish","type":"product","link":"https:\/\/kincsesalmarium.hu\/en\/product\/nagymeretu-medalion-bordo-szinben\/","title":{"rendered":"Nagym\u00e9ret\u0171 medalion bord\u00f3 sz\u00ednben"},"content":{"rendered":"<p>A christmas decoration piece made with decoupage techniques.<\/p>\n<p>Felhaszn\u00e1lt anyagok:\u00a0 m\u0171anyag medalion, rizspap\u00edr, paszta, pr\u00e9mium fest\u00e9k, gyurma, szalag.<\/p>\n<p>\u00c1tm\u00e9r\u0151: 12 cm<\/p>\n<p><strong>Produced when ordered. Production time: ~ 5 days<\/strong><\/p>","protected":false},"excerpt":{"rendered":"<p>A christmas decoration piece made with decoupage techniques.<\/p>\n<p>\u00c1tm\u00e9r\u0151: 12 cm<\/p>\n<p><strong>Produced when ordered. Production time: ~ 5 days<\/strong><\/p>","protected":false},"featured_media":5160,"comment_status":"closed","ping_status":"closed","template":"","meta":[],"_links":{"self":[{"href":"https:\/\/kincsesalmarium.hu\/en\/wp-json\/wp\/v2\/product\/5159"}],"collection":[{"href":"https:\/\/kincsesalmarium.hu\/en\/wp-json\/wp\/v2\/product"}],"about":[{"href":"https:\/\/kincsesalmarium.hu\/en\/wp-json\/wp\/v2\/types\/product"}],"replies":[{"embeddable":true,"href":"https:\/\/kincsesalmarium.hu\/en\/wp-json\/wp\/v2\/comments?post=5159"}],"wp:featuredmedia":[{"embeddable":true,"href":"https:\/\/kincsesalmarium.hu\/en\/wp-json\/wp\/v2\/media\/5160"}],"wp:attachment":[{"href":"https:\/\/kincsesalmarium.hu\/en\/wp-json\/wp\/v2\/media?parent=5159"}],"curies":[{"name":"wp","href":"https:\/\/api.w.org\/{rel}","templated":true}]}}