{"id":5123,"date":"2023-11-16T17:54:26","date_gmt":"2023-11-16T16:54:26","guid":{"rendered":"https:\/\/kincsesalmarium.hu\/?post_type=product&#038;p=5123"},"modified":"2025-12-08T12:38:54","modified_gmt":"2025-12-08T11:38:54","slug":"medalion-formaju-diszek-repesztessel","status":"publish","type":"product","link":"https:\/\/kincsesalmarium.hu\/en\/product\/medalion-formaju-diszek-repesztessel\/","title":{"rendered":"Medalion form\u00e1j\u00fa d\u00edszek repeszt\u00e9ssel"},"content":{"rendered":"<p>Decoupage technik\u00e1val d\u00edsz\u00edtett kar\u00e1csonyfa d\u00edsz.<\/p>\n<p>Diameter: 10 cm<\/p>\n<p><strong>Produced when ordered. Production time: ~ 5 days<\/strong><\/p>","protected":false},"excerpt":{"rendered":"<p>A christmas decoration piece made with decoupage techniques.<\/p>\n<p>Felhaszn\u00e1lt anyagok:\u00a0 m\u0171anyag medalion, rizspap\u00edr, paszta, pr\u00e9mium fest\u00e9k, gyurma, szalagok.<\/p>\n<p>Diameter: 10 cm<\/p>\n<p><strong>Produced when ordered. Production time: ~ 5 days<\/strong><\/p>","protected":false},"featured_media":5126,"comment_status":"closed","ping_status":"closed","template":"","meta":[],"_links":{"self":[{"href":"https:\/\/kincsesalmarium.hu\/en\/wp-json\/wp\/v2\/product\/5123"}],"collection":[{"href":"https:\/\/kincsesalmarium.hu\/en\/wp-json\/wp\/v2\/product"}],"about":[{"href":"https:\/\/kincsesalmarium.hu\/en\/wp-json\/wp\/v2\/types\/product"}],"replies":[{"embeddable":true,"href":"https:\/\/kincsesalmarium.hu\/en\/wp-json\/wp\/v2\/comments?post=5123"}],"wp:featuredmedia":[{"embeddable":true,"href":"https:\/\/kincsesalmarium.hu\/en\/wp-json\/wp\/v2\/media\/5126"}],"wp:attachment":[{"href":"https:\/\/kincsesalmarium.hu\/en\/wp-json\/wp\/v2\/media?parent=5123"}],"curies":[{"name":"wp","href":"https:\/\/api.w.org\/{rel}","templated":true}]}}