{"id":5118,"date":"2023-11-16T17:43:46","date_gmt":"2023-11-16T16:43:46","guid":{"rendered":"https:\/\/kincsesalmarium.hu\/?post_type=product&#038;p=5118"},"modified":"2025-12-08T12:41:30","modified_gmt":"2025-12-08T11:41:30","slug":"oras-karacsonyfa-diszek","status":"publish","type":"product","link":"https:\/\/kincsesalmarium.hu\/en\/product\/oras-karacsonyfa-diszek\/","title":{"rendered":"\u00d3r\u00e1s kar\u00e1csonyfad\u00edszek"},"content":{"rendered":"<p>A christmas decoration piece made with decoupage techniques.<\/p>\n<p>Felhaszn\u00e1lt anyagok:\u00a0 fa k\u00f6rd\u00edsz, rizspap\u00edr, paszta, pr\u00e9mium fest\u00e9k, gyurma, szalagok.<\/p>\n<p>Diameter: 8 cm<\/p>\n<p><strong>Produced when ordered. Production time: ~ 5 days<\/strong><\/p>","protected":false},"excerpt":{"rendered":"<p>A christmas decoration piece made with decoupage techniques.<\/p>\n<p>Felhaszn\u00e1lt anyagok:\u00a0 fa k\u00f6rd\u00edsz, rizspap\u00edr, paszta, pr\u00e9mium fest\u00e9k, gyurma, szalagok.<\/p>\n<p>Diameter: 8 cm<\/p>\n<p><strong>Produced when ordered. Production time: ~ 5 days<\/strong><\/p>","protected":false},"featured_media":5119,"comment_status":"closed","ping_status":"closed","template":"","meta":[],"_links":{"self":[{"href":"https:\/\/kincsesalmarium.hu\/en\/wp-json\/wp\/v2\/product\/5118"}],"collection":[{"href":"https:\/\/kincsesalmarium.hu\/en\/wp-json\/wp\/v2\/product"}],"about":[{"href":"https:\/\/kincsesalmarium.hu\/en\/wp-json\/wp\/v2\/types\/product"}],"replies":[{"embeddable":true,"href":"https:\/\/kincsesalmarium.hu\/en\/wp-json\/wp\/v2\/comments?post=5118"}],"wp:featuredmedia":[{"embeddable":true,"href":"https:\/\/kincsesalmarium.hu\/en\/wp-json\/wp\/v2\/media\/5119"}],"wp:attachment":[{"href":"https:\/\/kincsesalmarium.hu\/en\/wp-json\/wp\/v2\/media?parent=5118"}],"curies":[{"name":"wp","href":"https:\/\/api.w.org\/{rel}","templated":true}]}}