{"id":5047,"date":"2023-02-25T10:18:55","date_gmt":"2023-02-25T09:18:55","guid":{"rendered":"https:\/\/kincsesalmarium.hu\/?post_type=product&#038;p=5047"},"modified":"2025-12-04T17:26:41","modified_gmt":"2025-12-04T16:26:41","slug":"sisis-konyvdoboz-3d","status":"publish","type":"product","link":"https:\/\/kincsesalmarium.hu\/en\/product\/sisis-konyvdoboz-3d\/","title":{"rendered":"Sisi book box 3D"},"content":{"rendered":"<p>Special 3D book box<\/p>\n<p>Used materials: MDF book box, scrapbook paper, chalk paint, paste.<\/p>\n<p>Dimensions: 21 x 17 x 5,5 cm<\/p>\n<p><strong>Produced when ordered. Production time: ~ 7 days<\/strong><\/p>","protected":false},"excerpt":{"rendered":"<p>Special 3D book box<\/p>\n<p>Dimensions: 21 x 17 x 5,5 cm<\/p>\n<p><strong>Rendel\u00e9sre k\u00e9sz\u00fcl, elk\u00e9sz\u00edt\u00e9si id\u0151 kb.7 nap.<\/strong><\/p>","protected":false},"featured_media":5049,"comment_status":"closed","ping_status":"closed","template":"","meta":[],"_links":{"self":[{"href":"https:\/\/kincsesalmarium.hu\/en\/wp-json\/wp\/v2\/product\/5047"}],"collection":[{"href":"https:\/\/kincsesalmarium.hu\/en\/wp-json\/wp\/v2\/product"}],"about":[{"href":"https:\/\/kincsesalmarium.hu\/en\/wp-json\/wp\/v2\/types\/product"}],"replies":[{"embeddable":true,"href":"https:\/\/kincsesalmarium.hu\/en\/wp-json\/wp\/v2\/comments?post=5047"}],"wp:featuredmedia":[{"embeddable":true,"href":"https:\/\/kincsesalmarium.hu\/en\/wp-json\/wp\/v2\/media\/5049"}],"wp:attachment":[{"href":"https:\/\/kincsesalmarium.hu\/en\/wp-json\/wp\/v2\/media?parent=5047"}],"curies":[{"name":"wp","href":"https:\/\/api.w.org\/{rel}","templated":true}]}}