{"id":4880,"date":"2022-11-22T20:02:23","date_gmt":"2022-11-22T19:02:23","guid":{"rendered":"https:\/\/kincsesalmarium.hu\/?post_type=product&#038;p=4880"},"modified":"2025-12-04T17:25:39","modified_gmt":"2025-12-04T16:25:39","slug":"mackos-doboz-barna-szinben","status":"publish","type":"product","link":"https:\/\/kincsesalmarium.hu\/en\/product\/mackos-doboz-barna-szinben\/","title":{"rendered":"Mack\u00f3s doboz barna sz\u00ednben"},"content":{"rendered":"<p>Mack\u00f3s doboz barna sz\u00ednben.<\/p>\n<p>Felhaszn\u00e1lt anyagok: feny\u0151 doboz, repeszt\u0151, akril fest\u00e9k, lakk<\/p>\n<p>M\u00e9retei: 13 x 13 x 6 cm<\/p>\n<p><strong>Megrendel\u00e9sre k\u00e9sz\u00fcl, elk\u00e9sz\u00edt\u00e9si id\u0151 7-10 nap<\/strong><\/p>\n<p>&nbsp;<\/p>","protected":false},"excerpt":{"rendered":"<p>Mack\u00f3s doboz barna sz\u00ednben.<\/p>\n<p>M\u00e9retei: 13 x 13 x 6 cm<\/p>\n<p><strong>Megrendel\u00e9sre k\u00e9sz\u00fcl, elk\u00e9sz\u00edt\u00e9si id\u0151 7-10 nap<\/strong><\/p>","protected":false},"featured_media":4881,"comment_status":"closed","ping_status":"closed","template":"","meta":[],"_links":{"self":[{"href":"https:\/\/kincsesalmarium.hu\/en\/wp-json\/wp\/v2\/product\/4880"}],"collection":[{"href":"https:\/\/kincsesalmarium.hu\/en\/wp-json\/wp\/v2\/product"}],"about":[{"href":"https:\/\/kincsesalmarium.hu\/en\/wp-json\/wp\/v2\/types\/product"}],"replies":[{"embeddable":true,"href":"https:\/\/kincsesalmarium.hu\/en\/wp-json\/wp\/v2\/comments?post=4880"}],"wp:featuredmedia":[{"embeddable":true,"href":"https:\/\/kincsesalmarium.hu\/en\/wp-json\/wp\/v2\/media\/4881"}],"wp:attachment":[{"href":"https:\/\/kincsesalmarium.hu\/en\/wp-json\/wp\/v2\/media?parent=4880"}],"curies":[{"name":"wp","href":"https:\/\/api.w.org\/{rel}","templated":true}]}}