{"id":4826,"date":"2022-11-07T18:47:17","date_gmt":"2022-11-07T17:47:17","guid":{"rendered":"https:\/\/kincsesalmarium.hu\/?post_type=product&#038;p=4826"},"modified":"2025-12-04T17:25:07","modified_gmt":"2025-12-04T16:25:07","slug":"karacsonyi-fiokos-tarolo","status":"publish","type":"product","link":"https:\/\/kincsesalmarium.hu\/en\/product\/karacsonyi-fiokos-tarolo\/","title":{"rendered":"Christmas storage box with drawer"},"content":{"rendered":"<p>Kar\u00e1csonyi fi\u00f3kos t\u00e1rol\u00f3 gy\u00f6ny\u00f6r\u0171 scrapbook pap\u00edr d\u00edsz\u00edt\u00e9ssel \u00e9s f\u00e9m kieg\u00e9sz\u00edt\u0151kkel.<\/p>\n<p>Diameters: 22 x 16 x 16 cm<\/p>\n<p><strong>Rendel\u00e9sre k\u00e9sz\u00fcl, elk\u00e9sz\u00edt\u00e9si id\u0151 5 &#8211; 7 nap.<\/strong><\/p>","protected":false},"excerpt":{"rendered":"<p>Kar\u00e1csonyi fi\u00f3kos t\u00e1rol\u00f3 gy\u00f6ny\u00f6r\u0171 scrapbook pap\u00edr d\u00edsz\u00edt\u00e9ssel \u00e9s f\u00e9m kieg\u00e9sz\u00edt\u0151kkel.<\/p>\n<p>Diameters: 22 x 16 x 16 cm<\/p>\n<p>Used materials: MDF box, scrapbook paper, paste, metal accessories.<\/p>\n<p><strong>Rendel\u00e9sre k\u00e9sz\u00fcl, elk\u00e9sz\u00edt\u00e9si id\u0151 5 &#8211; 7 nap.<\/strong><\/p>","protected":false},"featured_media":4827,"comment_status":"closed","ping_status":"closed","template":"","meta":[],"_links":{"self":[{"href":"https:\/\/kincsesalmarium.hu\/en\/wp-json\/wp\/v2\/product\/4826"}],"collection":[{"href":"https:\/\/kincsesalmarium.hu\/en\/wp-json\/wp\/v2\/product"}],"about":[{"href":"https:\/\/kincsesalmarium.hu\/en\/wp-json\/wp\/v2\/types\/product"}],"replies":[{"embeddable":true,"href":"https:\/\/kincsesalmarium.hu\/en\/wp-json\/wp\/v2\/comments?post=4826"}],"wp:featuredmedia":[{"embeddable":true,"href":"https:\/\/kincsesalmarium.hu\/en\/wp-json\/wp\/v2\/media\/4827"}],"wp:attachment":[{"href":"https:\/\/kincsesalmarium.hu\/en\/wp-json\/wp\/v2\/media?parent=4826"}],"curies":[{"name":"wp","href":"https:\/\/api.w.org\/{rel}","templated":true}]}}