{"id":4789,"date":"2022-11-06T19:53:03","date_gmt":"2022-11-06T18:53:03","guid":{"rendered":"https:\/\/kincsesalmarium.hu\/?post_type=product&#038;p=4789"},"modified":"2025-12-04T17:24:42","modified_gmt":"2025-12-04T16:24:42","slug":"provanszi-fiokos-tarolo","status":"publish","type":"product","link":"https:\/\/kincsesalmarium.hu\/en\/product\/provanszi-fiokos-tarolo\/","title":{"rendered":"Fi\u00f3kos t\u00e1rol\u00f3 szekr\u00e9nyke provanszi st\u00edlusban"},"content":{"rendered":"<p>Drawer storage in Provencal style<\/p>\n<p>Diameters: 29 x 15 x 10 cm<\/p>\n<p><strong>On Stock! You can buy it now!<\/strong><\/p>","protected":false},"excerpt":{"rendered":"<p>Drawer storage in Provencal style<\/p>\n<p>Diameters: 29 x 15 x 10 cm<\/p>\n<p>Used materials: MDF storage box, rice paper, acrylic paint, antique-effect paint. paste.<\/p>\n<p><strong>On Stock! You can buy it now!<\/strong><\/p>","protected":false},"featured_media":4790,"comment_status":"closed","ping_status":"closed","template":"","meta":[],"_links":{"self":[{"href":"https:\/\/kincsesalmarium.hu\/en\/wp-json\/wp\/v2\/product\/4789"}],"collection":[{"href":"https:\/\/kincsesalmarium.hu\/en\/wp-json\/wp\/v2\/product"}],"about":[{"href":"https:\/\/kincsesalmarium.hu\/en\/wp-json\/wp\/v2\/types\/product"}],"replies":[{"embeddable":true,"href":"https:\/\/kincsesalmarium.hu\/en\/wp-json\/wp\/v2\/comments?post=4789"}],"wp:featuredmedia":[{"embeddable":true,"href":"https:\/\/kincsesalmarium.hu\/en\/wp-json\/wp\/v2\/media\/4790"}],"wp:attachment":[{"href":"https:\/\/kincsesalmarium.hu\/en\/wp-json\/wp\/v2\/media?parent=4789"}],"curies":[{"name":"wp","href":"https:\/\/api.w.org\/{rel}","templated":true}]}}