{"id":4767,"date":"2022-11-06T16:43:13","date_gmt":"2022-11-06T15:43:13","guid":{"rendered":"https:\/\/kincsesalmarium.hu\/?post_type=product&#038;p=4767"},"modified":"2025-12-04T17:23:45","modified_gmt":"2025-12-04T16:23:45","slug":"schonbrunn-diszdoboz-teafilteres-doboz","status":"publish","type":"product","link":"https:\/\/kincsesalmarium.hu\/en\/product\/schonbrunn-diszdoboz-teafilteres-doboz\/","title":{"rendered":"Sch\u00f6nbrunn gift box \/ tea filter box"},"content":{"rendered":"<p>Sch\u00f6nbrunn gift box. It can be converted into a tea filter box by inserting the compartments<\/p>\n<p>Dimensions: 26 x 12,6 x 6 cm<\/p>\n<p>Used materials: pine box, napkin, metallic paint, lacquer.<\/p>\n<p><strong>Megrendel\u00e9sre k\u00e9sz\u00fcl, elk\u00e9sz\u00edt\u00e9si id\u0151 7-10 nap.<\/strong><\/p>","protected":false},"excerpt":{"rendered":"<p>Sch\u00f6nbrunn gift box. It can be converted into a tea filter box by inserting the compartments<\/p>\n<p>Dimensions: 26 x 12,6 x 6 cm<\/p>\n<p><strong>Megrendel\u00e9sre k\u00e9sz\u00fcl, elk\u00e9sz\u00edt\u00e9si id\u0151 7-10 nap.<\/strong><\/p>","protected":false},"featured_media":4768,"comment_status":"closed","ping_status":"closed","template":"","meta":[],"_links":{"self":[{"href":"https:\/\/kincsesalmarium.hu\/en\/wp-json\/wp\/v2\/product\/4767"}],"collection":[{"href":"https:\/\/kincsesalmarium.hu\/en\/wp-json\/wp\/v2\/product"}],"about":[{"href":"https:\/\/kincsesalmarium.hu\/en\/wp-json\/wp\/v2\/types\/product"}],"replies":[{"embeddable":true,"href":"https:\/\/kincsesalmarium.hu\/en\/wp-json\/wp\/v2\/comments?post=4767"}],"wp:featuredmedia":[{"embeddable":true,"href":"https:\/\/kincsesalmarium.hu\/en\/wp-json\/wp\/v2\/media\/4768"}],"wp:attachment":[{"href":"https:\/\/kincsesalmarium.hu\/en\/wp-json\/wp\/v2\/media?parent=4767"}],"curies":[{"name":"wp","href":"https:\/\/api.w.org\/{rel}","templated":true}]}}