{"id":4026,"date":"2020-11-30T18:22:07","date_gmt":"2020-11-30T17:22:07","guid":{"rendered":"https:\/\/kincsesalmarium.hu\/?post_type=product&#038;p=4026"},"modified":"2025-12-15T10:17:39","modified_gmt":"2025-12-15T09:17:39","slug":"karacsonyi-gomb-homoru","status":"publish","type":"product","link":"https:\/\/kincsesalmarium.hu\/en\/product\/karacsonyi-gomb-homoru\/","title":{"rendered":"Kar\u00e1csonyi g\u00f6mb\u00f6k b\u00e1rsonnyal"},"content":{"rendered":"<p>A christmas decoration piece made with decoupage techniques.<\/p>\n<p>Felhaszn\u00e1lt anyagok:\u00a0 m\u0171anyag g\u00f6mb, rizspap\u00edr, paszta, pr\u00e9mium fest\u00e9k, b\u00e1rsonypor.<\/p>\n<p>Diameter: 10 cm<\/p>\n<p><strong>Rendel\u00e9sre k\u00e9sz\u00fcl, elk\u00e9sz\u00edt\u00e1si id\u0151 5-7 nap.<\/strong><\/p>","protected":false},"excerpt":{"rendered":"<p>A christmas decoration piece made with decoupage techniques.<\/p>\n<p>Diameter: 10 cm<\/p>\n<p><strong>Rendel\u00e9sre k\u00e9sz\u00fcl, elk\u00e9sz\u00edt\u00e1si id\u0151 5-7 nap.<\/strong><\/p>","protected":false},"featured_media":5136,"comment_status":"open","ping_status":"closed","template":"","meta":[],"_links":{"self":[{"href":"https:\/\/kincsesalmarium.hu\/en\/wp-json\/wp\/v2\/product\/4026"}],"collection":[{"href":"https:\/\/kincsesalmarium.hu\/en\/wp-json\/wp\/v2\/product"}],"about":[{"href":"https:\/\/kincsesalmarium.hu\/en\/wp-json\/wp\/v2\/types\/product"}],"replies":[{"embeddable":true,"href":"https:\/\/kincsesalmarium.hu\/en\/wp-json\/wp\/v2\/comments?post=4026"}],"wp:featuredmedia":[{"embeddable":true,"href":"https:\/\/kincsesalmarium.hu\/en\/wp-json\/wp\/v2\/media\/5136"}],"wp:attachment":[{"href":"https:\/\/kincsesalmarium.hu\/en\/wp-json\/wp\/v2\/media?parent=4026"}],"curies":[{"name":"wp","href":"https:\/\/api.w.org\/{rel}","templated":true}]}}