{"id":2327,"date":"2020-11-14T20:06:44","date_gmt":"2020-11-14T19:06:44","guid":{"rendered":"https:\/\/kincsesalmarium.hu\/?post_type=product&#038;p=2327"},"modified":"2025-12-04T17:14:43","modified_gmt":"2025-12-04T16:14:43","slug":"romantikus-kalapdoboz","status":"publish","type":"product","link":"https:\/\/kincsesalmarium.hu\/en\/product\/romantikus-kalapdoboz\/","title":{"rendered":"Romantic hat box"},"content":{"rendered":"<p>Decoupage technik\u00e1val d\u00edsz\u00edtett kalapdoboz<\/p>\n<p>Used materials: cardboard box, canvas, napkin, acrylic paint, paste, laces, artificial flowes.<\/p>\n<p>Diameter: 30 cm, height: 14 cm<\/p>\n<p><strong>Produced when ordered. Production time: ~ 10 days<\/strong><\/p>\n<p>&nbsp;<\/p>","protected":false},"excerpt":{"rendered":"<p>Decoupage decorated hat box.<\/p>\n<p>Diameter: 30 cm, height: 14 cm<\/p>\n<p><strong>Produced when ordered. Production time: ~ 10 days<\/strong><\/p>","protected":false},"featured_media":2328,"comment_status":"open","ping_status":"closed","template":"","meta":[],"_links":{"self":[{"href":"https:\/\/kincsesalmarium.hu\/en\/wp-json\/wp\/v2\/product\/2327"}],"collection":[{"href":"https:\/\/kincsesalmarium.hu\/en\/wp-json\/wp\/v2\/product"}],"about":[{"href":"https:\/\/kincsesalmarium.hu\/en\/wp-json\/wp\/v2\/types\/product"}],"replies":[{"embeddable":true,"href":"https:\/\/kincsesalmarium.hu\/en\/wp-json\/wp\/v2\/comments?post=2327"}],"wp:featuredmedia":[{"embeddable":true,"href":"https:\/\/kincsesalmarium.hu\/en\/wp-json\/wp\/v2\/media\/2328"}],"wp:attachment":[{"href":"https:\/\/kincsesalmarium.hu\/en\/wp-json\/wp\/v2\/media?parent=2327"}],"curies":[{"name":"wp","href":"https:\/\/api.w.org\/{rel}","templated":true}]}}