{"id":2297,"date":"2020-11-14T16:51:16","date_gmt":"2020-11-14T15:51:16","guid":{"rendered":"https:\/\/kincsesalmarium.hu\/?post_type=product&#038;p=2297"},"modified":"2025-12-04T17:13:38","modified_gmt":"2025-12-04T16:13:38","slug":"antik-hatasu-sisi-doboz","status":"publish","type":"product","link":"https:\/\/kincsesalmarium.hu\/en\/product\/antik-hatasu-sisi-doboz\/","title":{"rendered":"Antique Sisi box"},"content":{"rendered":"<p>Decoupage technik\u00e1val \u00e9s repeszt\u00e9ssel d\u00edsz\u00edtett feny\u0151dobozka<\/p>\n<p>Used materials: pine box, rice paper, paste, acrylic and chalk paint, metal corner-elements and handle, lacquer.<\/p>\n<p>Dimensions: 17 x 17 x 5 cm<\/p>\n<p><b>Produced when ordered. Production time: ~ 10 days<\/b><\/p>\n<p>&nbsp;<\/p>","protected":false},"excerpt":{"rendered":"<p>Pine box decorated with decoupage and fracturing techniques.<\/p>\n<p>Dimensions: 17 x 17 x 5 cm<\/p>\n<p><b>Produced when ordered. Production time: ~ 10 days<\/b><\/p>","protected":false},"featured_media":2298,"comment_status":"open","ping_status":"closed","template":"","meta":[],"_links":{"self":[{"href":"https:\/\/kincsesalmarium.hu\/en\/wp-json\/wp\/v2\/product\/2297"}],"collection":[{"href":"https:\/\/kincsesalmarium.hu\/en\/wp-json\/wp\/v2\/product"}],"about":[{"href":"https:\/\/kincsesalmarium.hu\/en\/wp-json\/wp\/v2\/types\/product"}],"replies":[{"embeddable":true,"href":"https:\/\/kincsesalmarium.hu\/en\/wp-json\/wp\/v2\/comments?post=2297"}],"wp:featuredmedia":[{"embeddable":true,"href":"https:\/\/kincsesalmarium.hu\/en\/wp-json\/wp\/v2\/media\/2298"}],"wp:attachment":[{"href":"https:\/\/kincsesalmarium.hu\/en\/wp-json\/wp\/v2\/media?parent=2297"}],"curies":[{"name":"wp","href":"https:\/\/api.w.org\/{rel}","templated":true}]}}